{"id":1414,"date":"2023-10-22T19:34:01","date_gmt":"2023-10-22T17:34:01","guid":{"rendered":"https:\/\/seyt.net\/?page_id=1414"},"modified":"2024-11-16T19:33:07","modified_gmt":"2024-11-16T18:33:07","slug":"contacto","status":"publish","type":"page","link":"https:\/\/seyt.net\/?page_id=1414","title":{"rendered":"Contacto"},"content":{"rendered":"\n<div class=\"wp-block-group alignfull\"><div class=\"wp-block-group__inner-container is-layout-constrained wp-block-group-is-layout-constrained\"><style>.kb-row-layout-id1414_ec5c11-4a > .kt-row-column-wrap{align-content:center;}:where(.kb-row-layout-id1414_ec5c11-4a > .kt-row-column-wrap) > .wp-block-kadence-column{justify-content:center;}.kb-row-layout-id1414_ec5c11-4a > .kt-row-column-wrap{column-gap:var(--global-kb-gap-lg, 4rem);row-gap:var(--global-kb-gap-md, 2rem);max-width:800px;grid-template-columns:repeat(2, minmax(0, 1fr));}.kb-row-layout-id1414_ec5c11-4a{background-color:var(--global-palette9, #ffffff);}.kb-row-layout-id1414_ec5c11-4a > .kt-row-layout-overlay{opacity:0.30;}.kb-row-layout-id1414_ec5c11-4a a{color:var(--global-palette3, #1A202C);}.kb-row-layout-id1414_ec5c11-4a a:hover{color:var(--global-palette4, #2D3748);}@media all and (max-width: 1024px){.kb-row-layout-id1414_ec5c11-4a > .kt-row-column-wrap{padding-bottom:var(--global-kb-spacing-xl, 4rem);grid-template-columns:minmax(0, 1fr);}}@media all and (max-width: 767px){.kb-row-layout-id1414_ec5c11-4a > .kt-row-column-wrap{grid-template-columns:minmax(0, 1fr);}}<\/style><div class=\"kb-row-layout-wrap kb-row-layout-id1414_ec5c11-4a alignfull has-theme-palette9-background-color kt-row-has-bg wp-block-kadence-rowlayout\"><div class=\"kt-row-column-wrap kt-has-2-columns kt-row-layout-equal kt-tab-layout-row kt-mobile-layout-row kt-row-valign-middle kb-theme-content-width\">\n<style>.kadence-column1414_3b08f2-ad > .kt-inside-inner-col,.kadence-column1414_3b08f2-ad > .kt-inside-inner-col:before{border-top-left-radius:0px;border-top-right-radius:0px;border-bottom-right-radius:0px;border-bottom-left-radius:0px;}.kadence-column1414_3b08f2-ad > .kt-inside-inner-col{column-gap:var(--global-kb-gap-sm, 1rem);}.kadence-column1414_3b08f2-ad > .kt-inside-inner-col{flex-direction:column;}.kadence-column1414_3b08f2-ad > .kt-inside-inner-col > .aligncenter{width:100%;}.kadence-column1414_3b08f2-ad > .kt-inside-inner-col:before{opacity:0.3;}.kadence-column1414_3b08f2-ad{position:relative;}@media all and (max-width: 1024px){.kadence-column1414_3b08f2-ad > .kt-inside-inner-col{flex-direction:column;}}@media all and (max-width: 767px){.kadence-column1414_3b08f2-ad > .kt-inside-inner-col{flex-direction:column;}}<\/style>\n<div class=\"wp-block-kadence-column kadence-column1414_3b08f2-ad\"><div class=\"kt-inside-inner-col\"><style>.wp-block-kadence-advancedheading.kt-adv-heading1414_dee7ff-5e, .wp-block-kadence-advancedheading.kt-adv-heading1414_dee7ff-5e[data-kb-block=\"kb-adv-heading1414_dee7ff-5e\"]{margin-bottom:var(--global-kb-spacing-xxs, 0.5rem);text-align:center;font-size:var(--global-kb-font-size-lg, 2rem);line-height:1.2;font-style:normal;color:var(--global-palette3, #1A202C);}.wp-block-kadence-advancedheading.kt-adv-heading1414_dee7ff-5e mark.kt-highlight, .wp-block-kadence-advancedheading.kt-adv-heading1414_dee7ff-5e[data-kb-block=\"kb-adv-heading1414_dee7ff-5e\"] mark.kt-highlight{font-style:normal;color:#f76a0c;-webkit-box-decoration-break:clone;box-decoration-break:clone;padding-top:0px;padding-right:0px;padding-bottom:0px;padding-left:0px;}<\/style>\n<h2 class=\"kt-adv-heading1414_dee7ff-5e wp-block-kadence-advancedheading has-theme-palette-3-color has-text-color\" data-kb-block=\"kb-adv-heading1414_dee7ff-5e\">D\u00f3nde Estamos<\/h2>\n\n\n<style>.kb-row-layout-id1414_e3893c-27 > .kt-row-column-wrap{align-content:start;}:where(.kb-row-layout-id1414_e3893c-27 > .kt-row-column-wrap) > .wp-block-kadence-column{justify-content:start;}.kb-row-layout-id1414_e3893c-27 > .kt-row-column-wrap{column-gap:var(--global-kb-gap-sm, 1rem);row-gap:var(--global-kb-gap-md, 2rem);max-width:800px;padding-top:var(--global-kb-spacing-sm, 1.5rem);padding-bottom:var(--global-kb-spacing-xxs, 0.5rem);grid-template-columns:minmax(0, 1fr);}.kb-row-layout-id1414_e3893c-27 > .kt-row-layout-overlay{opacity:0.30;}@media all and (max-width: 1024px){.kb-row-layout-id1414_e3893c-27 > .kt-row-column-wrap{grid-template-columns:minmax(0, 1fr);}}@media all and (max-width: 767px){.kb-row-layout-id1414_e3893c-27 > .kt-row-column-wrap{grid-template-columns:minmax(0, 1fr);}}<\/style><div class=\"kb-row-layout-wrap kb-row-layout-id1414_e3893c-27 alignnone wp-block-kadence-rowlayout\"><div class=\"kt-row-column-wrap kt-has-1-columns kt-row-layout-equal kt-tab-layout-inherit kt-mobile-layout-row kt-row-valign-top kb-theme-content-width\">\n<style>.kadence-column1414_6ece6d-c2 > .kt-inside-inner-col,.kadence-column1414_6ece6d-c2 > .kt-inside-inner-col:before{border-top-left-radius:0px;border-top-right-radius:0px;border-bottom-right-radius:0px;border-bottom-left-radius:0px;}.kadence-column1414_6ece6d-c2 > .kt-inside-inner-col{column-gap:15px;}.kadence-column1414_6ece6d-c2 > .kt-inside-inner-col{flex-direction:column;}.kadence-column1414_6ece6d-c2 > .kt-inside-inner-col > .aligncenter{width:100%;}.kadence-column1414_6ece6d-c2 > .kt-inside-inner-col:before{opacity:0.3;}.kadence-column1414_6ece6d-c2{text-align:center;}.kadence-column1414_6ece6d-c2{position:relative;}@media all and (max-width: 1024px){.kadence-column1414_6ece6d-c2 > .kt-inside-inner-col{flex-direction:column;}}@media all and (max-width: 767px){.kadence-column1414_6ece6d-c2 > .kt-inside-inner-col{flex-direction:column;}}<\/style>\n<div class=\"wp-block-kadence-column kadence-column1414_6ece6d-c2 kb-section-dir-vertical\"><div class=\"kt-inside-inner-col\"><style>.wp-block-kadence-advancedheading.kt-adv-heading1414_3964cc-6f, .wp-block-kadence-advancedheading.kt-adv-heading1414_3964cc-6f[data-kb-block=\"kb-adv-heading1414_3964cc-6f\"]{text-align:center;font-style:normal;color:var(--global-palette3, #1A202C);}.wp-block-kadence-advancedheading.kt-adv-heading1414_3964cc-6f mark.kt-highlight, .wp-block-kadence-advancedheading.kt-adv-heading1414_3964cc-6f[data-kb-block=\"kb-adv-heading1414_3964cc-6f\"] mark.kt-highlight{font-style:normal;color:#f76a0c;-webkit-box-decoration-break:clone;box-decoration-break:clone;padding-top:0px;padding-right:0px;padding-bottom:0px;padding-left:0px;}<\/style>\n<div class=\"kt-adv-heading1414_3964cc-6f wp-block-kadence-advancedheading has-theme-palette-3-color has-text-color\" data-kb-block=\"kb-adv-heading1414_3964cc-6f\">Avenida Extremadura 41<\/div>\n\n\n<style>.wp-block-kadence-advancedheading.kt-adv-heading1414_682670-f2, .wp-block-kadence-advancedheading.kt-adv-heading1414_682670-f2[data-kb-block=\"kb-adv-heading1414_682670-f2\"]{font-style:normal;color:var(--global-palette3, #1A202C);}.wp-block-kadence-advancedheading.kt-adv-heading1414_682670-f2 mark.kt-highlight, .wp-block-kadence-advancedheading.kt-adv-heading1414_682670-f2[data-kb-block=\"kb-adv-heading1414_682670-f2\"] mark.kt-highlight{font-style:normal;color:#f76a0c;-webkit-box-decoration-break:clone;box-decoration-break:clone;padding-top:0px;padding-right:0px;padding-bottom:0px;padding-left:0px;}<\/style>\n<div class=\"kt-adv-heading1414_682670-f2 wp-block-kadence-advancedheading has-theme-palette-3-color has-text-color\" data-kb-block=\"kb-adv-heading1414_682670-f2\">Torremej\u00eda, Badajoz<br>Espa\u00f1a<\/div>\n\n\n<style>.wp-block-kadence-advancedheading.kt-adv-heading1414_fd70dd-bf, .wp-block-kadence-advancedheading.kt-adv-heading1414_fd70dd-bf[data-kb-block=\"kb-adv-heading1414_fd70dd-bf\"]{padding-bottom:var(--global-kb-spacing-xs, 1rem);text-align:center;font-style:normal;color:var(--global-palette3, #1A202C);}.wp-block-kadence-advancedheading.kt-adv-heading1414_fd70dd-bf mark.kt-highlight, .wp-block-kadence-advancedheading.kt-adv-heading1414_fd70dd-bf[data-kb-block=\"kb-adv-heading1414_fd70dd-bf\"] mark.kt-highlight{font-style:normal;color:#f76a0c;-webkit-box-decoration-break:clone;box-decoration-break:clone;padding-top:0px;padding-right:0px;padding-bottom:0px;padding-left:0px;}<\/style>\n<div class=\"kt-adv-heading1414_fd70dd-bf wp-block-kadence-advancedheading has-theme-palette-3-color has-text-color\" data-kb-block=\"kb-adv-heading1414_fd70dd-bf\">677773687 &#8211; 608507590<\/div>\n\n\n<style>.wp-block-kadence-advancedheading.kt-adv-heading1414_9a0710-3d, .wp-block-kadence-advancedheading.kt-adv-heading1414_9a0710-3d[data-kb-block=\"kb-adv-heading1414_9a0710-3d\"]{padding-bottom:var(--global-kb-spacing-sm, 1.5rem);text-align:center;font-style:normal;color:var(--global-palette3, #1A202C);}.wp-block-kadence-advancedheading.kt-adv-heading1414_9a0710-3d mark.kt-highlight, .wp-block-kadence-advancedheading.kt-adv-heading1414_9a0710-3d[data-kb-block=\"kb-adv-heading1414_9a0710-3d\"] mark.kt-highlight{font-style:normal;color:#f76a0c;-webkit-box-decoration-break:clone;box-decoration-break:clone;padding-top:0px;padding-right:0px;padding-bottom:0px;padding-left:0px;}<\/style>\n<div class=\"kt-adv-heading1414_9a0710-3d wp-block-kadence-advancedheading has-theme-palette-3-color has-text-color\" data-kb-block=\"kb-adv-heading1414_9a0710-3d\"><a href=\"mailto:info@seyt.net\" data-type=\"mailto\" data-id=\"mailto:info@seyt.net\" target=\"_blank\" rel=\"noreferrer noopener\">info@seyt.net<\/a><\/div>\n\n\n<style>.kb-row-layout-id1414_403f04-0d > .kt-row-column-wrap{align-content:start;}:where(.kb-row-layout-id1414_403f04-0d > .kt-row-column-wrap) > .wp-block-kadence-column{justify-content:start;}.kb-row-layout-id1414_403f04-0d > .kt-row-column-wrap{column-gap:var(--global-kb-gap-md, 2rem);row-gap:var(--global-kb-gap-md, 2rem);padding-top:var(--global-kb-spacing-sm, 1.5rem);padding-bottom:var(--global-kb-spacing-sm, 1.5rem);grid-template-columns:minmax(0, 1fr);}.kb-row-layout-id1414_403f04-0d > .kt-row-layout-overlay{opacity:0.30;}@media all and (max-width: 1024px){.kb-row-layout-id1414_403f04-0d > .kt-row-column-wrap{grid-template-columns:minmax(0, 1fr);}}@media all and (max-width: 767px){.kb-row-layout-id1414_403f04-0d > .kt-row-column-wrap{grid-template-columns:minmax(0, 1fr);}}<\/style><div class=\"kb-row-layout-wrap kb-row-layout-id1414_403f04-0d alignnone wp-block-kadence-rowlayout\"><div class=\"kt-row-column-wrap kt-has-1-columns kt-row-layout-equal kt-tab-layout-inherit kt-mobile-layout-row kt-row-valign-top\">\n<style>.kadence-column1414_94e84a-09 > .kt-inside-inner-col,.kadence-column1414_94e84a-09 > .kt-inside-inner-col:before{border-top-left-radius:0px;border-top-right-radius:0px;border-bottom-right-radius:0px;border-bottom-left-radius:0px;}.kadence-column1414_94e84a-09 > .kt-inside-inner-col{column-gap:var(--global-kb-gap-sm, 1rem);}.kadence-column1414_94e84a-09 > .kt-inside-inner-col{flex-direction:column;}.kadence-column1414_94e84a-09 > .kt-inside-inner-col > .aligncenter{width:100%;}.kadence-column1414_94e84a-09 > .kt-inside-inner-col:before{opacity:0.3;}.kadence-column1414_94e84a-09{position:relative;}@media all and (max-width: 1024px){.kadence-column1414_94e84a-09 > .kt-inside-inner-col{flex-direction:column;}}@media all and (max-width: 767px){.kadence-column1414_94e84a-09 > .kt-inside-inner-col{flex-direction:column;}}<\/style>\n<div class=\"wp-block-kadence-column kadence-column1414_94e84a-09\"><div class=\"kt-inside-inner-col\"><\/div><\/div>\n\n<\/div><\/div><\/div><\/div>\n\n<\/div><\/div><\/div><\/div>\n\n\n<style>.kadence-column1414_78c8c6-ab > .kt-inside-inner-col,.kadence-column1414_78c8c6-ab > .kt-inside-inner-col:before{border-top-left-radius:0px;border-top-right-radius:0px;border-bottom-right-radius:0px;border-bottom-left-radius:0px;}.kadence-column1414_78c8c6-ab > .kt-inside-inner-col{column-gap:var(--global-kb-gap-sm, 1rem);}.kadence-column1414_78c8c6-ab > .kt-inside-inner-col{flex-direction:column;}.kadence-column1414_78c8c6-ab > .kt-inside-inner-col > .aligncenter{width:100%;}.kadence-column1414_78c8c6-ab > .kt-inside-inner-col:before{opacity:0.3;}.kadence-column1414_78c8c6-ab{position:relative;}@media all and (max-width: 1024px){.kadence-column1414_78c8c6-ab > .kt-inside-inner-col{flex-direction:column;}}@media all and (max-width: 767px){.kadence-column1414_78c8c6-ab > .kt-inside-inner-col{flex-direction:column;}}<\/style>\n<div class=\"wp-block-kadence-column kadence-column1414_78c8c6-ab\"><div class=\"kt-inside-inner-col\"><style>.kb-google-maps-container1414_04943d-a7{height:584px;}<\/style><div class=\"kb-google-maps-container kb-google-maps-container1414_04943d-a7  wp-block-kadence-googlemaps\" data-mapid=\"1414_04943da7\"><iframe width=\"100%\" height=\"100%\"\n\t\t\t\t\t\t\tstyle=\"border:0\" loading=\"lazy\"\n\t\t\t\t\t\t\tsrc=\"https:\/\/www.google.com\/maps\/embed\/v1\/place?key=AIzaSyBAM2o7PiQqwk15LC1XRH2e_KJ-jUa7KYk&#038;zoom=14&#038;maptype=roadmap&#038;q=Av.+Extremadura+41%2C+Torremej%C3%ADa\"\n\t\t\t\t\t\t\ttitle=\"Mapa de Google de Av. Extremadura 41, Torremej\u00eda\"><\/iframe><\/div><script>function kb_google_map1414_04943da7() { let center = { lat: 37.8201, lng: -122.4781}; let map = new google.maps.Map(document.getElementById(\"kb-google-map1414_04943da7\"), {\n\t\t\t\t\t    zoom: 14,\n\t\t\t\t\t    center: center,});let marker = new google.maps.Marker({   position: { lat: 37.8201, lng: -122.4781},    map: map,  });}<\/script><\/div><\/div>\n\n<\/div><\/div><\/div><\/div>\n","protected":false},"excerpt":{"rendered":"<p>D\u00f3nde Estamos Avenida Extremadura 41 Torremej\u00eda, BadajozEspa\u00f1a 677773687 &#8211; 608507590 info@seyt.net<\/p>\n","protected":false},"author":2,"featured_media":0,"parent":0,"menu_order":0,"comment_status":"closed","ping_status":"closed","template":"","meta":{"_EventAllDay":false,"_EventTimezone":"","_EventStartDate":"","_EventEndDate":"","_EventStartDateUTC":"","_EventEndDateUTC":"","_EventShowMap":false,"_EventShowMapLink":false,"_EventURL":"","_EventCost":"","_EventCostDescription":"","_EventCurrencySymbol":"","_EventCurrencyCode":"","_EventCurrencyPosition":"","_EventDateTimeSeparator":"","_EventTimeRangeSeparator":"","_EventOrganizerID":[],"_EventVenueID":[],"_OrganizerEmail":"","_OrganizerPhone":"","_OrganizerWebsite":"","_VenueAddress":"","_VenueCity":"","_VenueCountry":"","_VenueProvince":"","_VenueState":"","_VenueZip":"","_VenuePhone":"","_VenueURL":"","_VenueStateProvince":"","_VenueLat":"","_VenueLng":"","_VenueShowMap":false,"_VenueShowMapLink":false,"_kadence_starter_templates_imported_post":false,"footnotes":""},"class_list":["post-1414","page","type-page","status-publish","hentry"],"_links":{"self":[{"href":"https:\/\/seyt.net\/index.php?rest_route=\/wp\/v2\/pages\/1414","targetHints":{"allow":["GET"]}}],"collection":[{"href":"https:\/\/seyt.net\/index.php?rest_route=\/wp\/v2\/pages"}],"about":[{"href":"https:\/\/seyt.net\/index.php?rest_route=\/wp\/v2\/types\/page"}],"author":[{"embeddable":true,"href":"https:\/\/seyt.net\/index.php?rest_route=\/wp\/v2\/users\/2"}],"replies":[{"embeddable":true,"href":"https:\/\/seyt.net\/index.php?rest_route=%2Fwp%2Fv2%2Fcomments&post=1414"}],"version-history":[{"count":7,"href":"https:\/\/seyt.net\/index.php?rest_route=\/wp\/v2\/pages\/1414\/revisions"}],"predecessor-version":[{"id":1497,"href":"https:\/\/seyt.net\/index.php?rest_route=\/wp\/v2\/pages\/1414\/revisions\/1497"}],"wp:attachment":[{"href":"https:\/\/seyt.net\/index.php?rest_route=%2Fwp%2Fv2%2Fmedia&parent=1414"}],"curies":[{"name":"wp","href":"https:\/\/api.w.org\/{rel}","templated":true}]}}